{"id":100,"date":"2025-01-21T14:32:34","date_gmt":"2025-01-21T14:32:34","guid":{"rendered":"https:\/\/nabo-gato.pl\/?page_id=100"},"modified":"2025-01-21T20:33:03","modified_gmt":"2025-01-21T20:33:03","slug":"catering","status":"publish","type":"page","link":"https:\/\/nabo-gato.pl\/index.php\/catering\/","title":{"rendered":"Catering"},"content":{"rendered":"\t\t<div data-elementor-type=\"wp-page\" data-elementor-id=\"100\" class=\"elementor elementor-100\">\n\t\t\t\t<div class=\"elementor-element elementor-element-11273245 e-flex e-con-boxed e-con e-parent\" data-id=\"11273245\" data-element_type=\"container\" data-settings=\"{&quot;background_background&quot;:&quot;classic&quot;}\">\n\t\t\t\t\t<div class=\"e-con-inner\">\n\t\t<div class=\"elementor-element elementor-element-4be9f674 e-con-full e-flex e-con e-child\" data-id=\"4be9f674\" data-element_type=\"container\">\n\t\t\t\t<div class=\"elementor-element elementor-element-432cb501 elementor-widget elementor-widget-image\" data-id=\"432cb501\" data-element_type=\"widget\" data-widget_type=\"image.default\">\n\t\t\t\t<div class=\"elementor-widget-container\">\n\t\t\t\t\t\t\t\t\t\t\t\t\t\t\t<img fetchpriority=\"high\" decoding=\"async\" width=\"750\" height=\"135\" src=\"https:\/\/nabo-gato.pl\/wp-content\/uploads\/2025\/01\/logo.png\" class=\"attachment-large size-large wp-image-106\" alt=\"\" srcset=\"https:\/\/nabo-gato.pl\/wp-content\/uploads\/2025\/01\/logo.png 750w, https:\/\/nabo-gato.pl\/wp-content\/uploads\/2025\/01\/logo-300x54.png 300w\" sizes=\"(max-width: 750px) 100vw, 750px\" \/>\t\t\t\t\t\t\t\t\t\t\t\t\t\t\t<\/div>\n\t\t\t\t<\/div>\n\t\t\t\t<\/div>\n\t\t<div class=\"elementor-element elementor-element-3c024e29 e-con-full e-flex e-con e-child\" data-id=\"3c024e29\" data-element_type=\"container\">\n\t\t\t\t<div class=\"elementor-element elementor-element-25c64c4 elementor-nav-menu__align-right elementor-nav-menu--dropdown-tablet elementor-nav-menu__text-align-aside elementor-nav-menu--toggle elementor-nav-menu--burger elementor-widget elementor-widget-nav-menu\" data-id=\"25c64c4\" data-element_type=\"widget\" data-settings=\"{&quot;layout&quot;:&quot;horizontal&quot;,&quot;submenu_icon&quot;:{&quot;value&quot;:&quot;&lt;svg class=\\&quot;e-font-icon-svg e-fas-caret-down\\&quot; viewBox=\\&quot;0 0 320 512\\&quot; xmlns=\\&quot;http:\\\/\\\/www.w3.org\\\/2000\\\/svg\\&quot;&gt;&lt;path d=\\&quot;M31.3 192h257.3c17.8 0 26.7 21.5 14.1 34.1L174.1 354.8c-7.8 7.8-20.5 7.8-28.3 0L17.2 226.1C4.6 213.5 13.5 192 31.3 192z\\&quot;&gt;&lt;\\\/path&gt;&lt;\\\/svg&gt;&quot;,&quot;library&quot;:&quot;fa-solid&quot;},&quot;toggle&quot;:&quot;burger&quot;}\" data-widget_type=\"nav-menu.default\">\n\t\t\t\t<div class=\"elementor-widget-container\">\n\t\t\t\t\t\t\t\t<nav migration_allowed=\"1\" migrated=\"0\" role=\"navigation\" class=\"elementor-nav-menu--main elementor-nav-menu__container elementor-nav-menu--layout-horizontal e--pointer-underline e--animation-fade\">\n\t\t\t\t<ul id=\"menu-1-25c64c4\" class=\"elementor-nav-menu\"><li class=\"menu-item menu-item-type-post_type menu-item-object-page menu-item-home menu-item-118\"><a href=\"https:\/\/nabo-gato.pl\/\" class=\"elementor-item\">Zamawiaj Online<\/a><\/li>\n<li class=\"menu-item menu-item-type-post_type menu-item-object-page menu-item-139\"><a href=\"https:\/\/nabo-gato.pl\/index.php\/catering\/\" class=\"elementor-item\">Catering<\/a><\/li>\n<li class=\"menu-item menu-item-type-post_type menu-item-object-page menu-item-165\"><a href=\"https:\/\/nabo-gato.pl\/index.php\/torty-sushi\/\" class=\"elementor-item\">Torty Sushi<\/a><\/li>\n<\/ul>\t\t\t<\/nav>\n\t\t\t\t\t<div class=\"elementor-menu-toggle\" role=\"button\" tabindex=\"0\" aria-label=\"Menu Toggle\" aria-expanded=\"false\">\n\t\t\t<svg aria-hidden=\"true\" role=\"presentation\" class=\"elementor-menu-toggle__icon--open e-font-icon-svg e-eicon-menu-bar\" viewBox=\"0 0 1000 1000\" xmlns=\"http:\/\/www.w3.org\/2000\/svg\"><path d=\"M104 333H896C929 333 958 304 958 271S929 208 896 208H104C71 208 42 237 42 271S71 333 104 333ZM104 583H896C929 583 958 554 958 521S929 458 896 458H104C71 458 42 487 42 521S71 583 104 583ZM104 833H896C929 833 958 804 958 771S929 708 896 708H104C71 708 42 737 42 771S71 833 104 833Z\"><\/path><\/svg><svg aria-hidden=\"true\" role=\"presentation\" class=\"elementor-menu-toggle__icon--close e-font-icon-svg e-eicon-close\" viewBox=\"0 0 1000 1000\" xmlns=\"http:\/\/www.w3.org\/2000\/svg\"><path d=\"M742 167L500 408 258 167C246 154 233 150 217 150 196 150 179 158 167 167 154 179 150 196 150 212 150 229 154 242 171 254L408 500 167 742C138 771 138 800 167 829 196 858 225 858 254 829L496 587 738 829C750 842 767 846 783 846 800 846 817 842 829 829 842 817 846 804 846 783 846 767 842 750 829 737L588 500 833 258C863 229 863 200 833 171 804 137 775 137 742 167Z\"><\/path><\/svg>\t\t\t<span class=\"elementor-screen-only\">Menu<\/span>\n\t\t<\/div>\n\t\t\t<nav class=\"elementor-nav-menu--dropdown elementor-nav-menu__container\" role=\"navigation\" aria-hidden=\"true\">\n\t\t\t\t<ul id=\"menu-2-25c64c4\" class=\"elementor-nav-menu\"><li class=\"menu-item menu-item-type-post_type menu-item-object-page menu-item-home menu-item-118\"><a href=\"https:\/\/nabo-gato.pl\/\" class=\"elementor-item\" tabindex=\"-1\">Zamawiaj Online<\/a><\/li>\n<li class=\"menu-item menu-item-type-post_type menu-item-object-page menu-item-139\"><a href=\"https:\/\/nabo-gato.pl\/index.php\/catering\/\" class=\"elementor-item\" tabindex=\"-1\">Catering<\/a><\/li>\n<li class=\"menu-item menu-item-type-post_type menu-item-object-page menu-item-165\"><a href=\"https:\/\/nabo-gato.pl\/index.php\/torty-sushi\/\" class=\"elementor-item\" tabindex=\"-1\">Torty Sushi<\/a><\/li>\n<\/ul>\t\t\t<\/nav>\n\t\t\t\t\t\t<\/div>\n\t\t\t\t<\/div>\n\t\t\t\t<\/div>\n\t\t<div class=\"elementor-element elementor-element-7a8bb5dd e-con-full e-flex e-con e-child\" data-id=\"7a8bb5dd\" data-element_type=\"container\">\n\t\t<div class=\"elementor-element elementor-element-2ab0e4bf e-con-full e-flex e-con e-child\" data-id=\"2ab0e4bf\" data-element_type=\"container\">\n\t\t\t\t<div class=\"elementor-element elementor-element-8a6206a elementor-view-default elementor-widget elementor-widget-icon\" data-id=\"8a6206a\" data-element_type=\"widget\" data-widget_type=\"icon.default\">\n\t\t\t\t<div class=\"elementor-widget-container\">\n\t\t\t\t\t\t\t<div class=\"elementor-icon-wrapper\">\n\t\t\t<a class=\"elementor-icon\" href=\"https:\/\/pl-pl.facebook.com\/NabogatoSushi\/\">\n\t\t\t<svg aria-hidden=\"true\" class=\"e-font-icon-svg e-fab-facebook-square\" viewBox=\"0 0 448 512\" xmlns=\"http:\/\/www.w3.org\/2000\/svg\"><path d=\"M400 32H48A48 48 0 0 0 0 80v352a48 48 0 0 0 48 48h137.25V327.69h-63V256h63v-54.64c0-62.15 37-96.48 93.67-96.48 27.14 0 55.52 4.84 55.52 4.84v61h-31.27c-30.81 0-40.42 19.12-40.42 38.73V256h68.78l-11 71.69h-57.78V480H400a48 48 0 0 0 48-48V80a48 48 0 0 0-48-48z\"><\/path><\/svg>\t\t\t<\/a>\n\t\t<\/div>\n\t\t\t\t\t\t<\/div>\n\t\t\t\t<\/div>\n\t\t\t\t<\/div>\n\t\t<div class=\"elementor-element elementor-element-1b3de859 e-con-full e-flex e-con e-child\" data-id=\"1b3de859\" data-element_type=\"container\">\n\t\t\t\t<div class=\"elementor-element elementor-element-29caf1a1 elementor-view-default elementor-widget elementor-widget-icon\" data-id=\"29caf1a1\" data-element_type=\"widget\" data-widget_type=\"icon.default\">\n\t\t\t\t<div class=\"elementor-widget-container\">\n\t\t\t\t\t\t\t<div class=\"elementor-icon-wrapper\">\n\t\t\t<a class=\"elementor-icon\" href=\"https:\/\/www.instagram.com\/explore\/locations\/263081239\/nabogato-sushi\/\">\n\t\t\t<svg aria-hidden=\"true\" class=\"e-font-icon-svg e-fab-instagram\" viewBox=\"0 0 448 512\" xmlns=\"http:\/\/www.w3.org\/2000\/svg\"><path d=\"M224.1 141c-63.6 0-114.9 51.3-114.9 114.9s51.3 114.9 114.9 114.9S339 319.5 339 255.9 287.7 141 224.1 141zm0 189.6c-41.1 0-74.7-33.5-74.7-74.7s33.5-74.7 74.7-74.7 74.7 33.5 74.7 74.7-33.6 74.7-74.7 74.7zm146.4-194.3c0 14.9-12 26.8-26.8 26.8-14.9 0-26.8-12-26.8-26.8s12-26.8 26.8-26.8 26.8 12 26.8 26.8zm76.1 27.2c-1.7-35.9-9.9-67.7-36.2-93.9-26.2-26.2-58-34.4-93.9-36.2-37-2.1-147.9-2.1-184.9 0-35.8 1.7-67.6 9.9-93.9 36.1s-34.4 58-36.2 93.9c-2.1 37-2.1 147.9 0 184.9 1.7 35.9 9.9 67.7 36.2 93.9s58 34.4 93.9 36.2c37 2.1 147.9 2.1 184.9 0 35.9-1.7 67.7-9.9 93.9-36.2 26.2-26.2 34.4-58 36.2-93.9 2.1-37 2.1-147.8 0-184.8zM398.8 388c-7.8 19.6-22.9 34.7-42.6 42.6-29.5 11.7-99.5 9-132.1 9s-102.7 2.6-132.1-9c-19.6-7.8-34.7-22.9-42.6-42.6-11.7-29.5-9-99.5-9-132.1s-2.6-102.7 9-132.1c7.8-19.6 22.9-34.7 42.6-42.6 29.5-11.7 99.5-9 132.1-9s102.7-2.6 132.1 9c19.6 7.8 34.7 22.9 42.6 42.6 11.7 29.5 9 99.5 9 132.1s2.7 102.7-9 132.1z\"><\/path><\/svg>\t\t\t<\/a>\n\t\t<\/div>\n\t\t\t\t\t\t<\/div>\n\t\t\t\t<\/div>\n\t\t\t\t<\/div>\n\t\t\t\t<\/div>\n\t\t\t\t\t<\/div>\n\t\t\t\t<\/div>\n\t\t<div class=\"elementor-element elementor-element-23a7efc4 e-flex e-con-boxed e-con e-parent\" data-id=\"23a7efc4\" data-element_type=\"container\" data-settings=\"{&quot;background_background&quot;:&quot;classic&quot;}\">\n\t\t\t\t\t<div class=\"e-con-inner\">\n\t\t<div class=\"elementor-element elementor-element-30515a27 e-con-full e-flex e-con e-child\" data-id=\"30515a27\" data-element_type=\"container\">\n\t\t\t\t<div class=\"elementor-element elementor-element-113666c elementor-widget elementor-widget-image\" data-id=\"113666c\" data-element_type=\"widget\" data-widget_type=\"image.default\">\n\t\t\t\t<div class=\"elementor-widget-container\">\n\t\t\t\t\t\t\t\t\t\t\t\t\t\t\t<img decoding=\"async\" width=\"2560\" height=\"1920\" src=\"https:\/\/nabo-gato.pl\/wp-content\/uploads\/2025\/01\/catering-2-scaled.jpg\" class=\"attachment-full size-full wp-image-130\" alt=\"\" srcset=\"https:\/\/nabo-gato.pl\/wp-content\/uploads\/2025\/01\/catering-2-scaled.jpg 2560w, https:\/\/nabo-gato.pl\/wp-content\/uploads\/2025\/01\/catering-2-300x225.jpg 300w, https:\/\/nabo-gato.pl\/wp-content\/uploads\/2025\/01\/catering-2-1024x768.jpg 1024w, https:\/\/nabo-gato.pl\/wp-content\/uploads\/2025\/01\/catering-2-768x576.jpg 768w, https:\/\/nabo-gato.pl\/wp-content\/uploads\/2025\/01\/catering-2-1536x1152.jpg 1536w, https:\/\/nabo-gato.pl\/wp-content\/uploads\/2025\/01\/catering-2-2048x1536.jpg 2048w\" sizes=\"(max-width: 2560px) 100vw, 2560px\" \/>\t\t\t\t\t\t\t\t\t\t\t\t\t\t\t<\/div>\n\t\t\t\t<\/div>\n\t\t\t\t<\/div>\n\t\t<div class=\"elementor-element elementor-element-5fcaf14c e-con-full e-flex e-con e-child\" data-id=\"5fcaf14c\" data-element_type=\"container\">\n\t\t\t\t<div class=\"elementor-element elementor-element-3f53d00b elementor-widget elementor-widget-heading\" data-id=\"3f53d00b\" data-element_type=\"widget\" data-widget_type=\"heading.default\">\n\t\t\t\t<div class=\"elementor-widget-container\">\n\t\t\t\t\t<h2 class=\"elementor-heading-title elementor-size-default\">Nasze Sushi zamieni ka\u017cd\u0105 imprez\u0119 <br>w wyj\u0105tkow\u0105 uczt\u0119!<\/h2>\t\t\t\t<\/div>\n\t\t\t\t<\/div>\n\t\t\t\t<div class=\"elementor-element elementor-element-32e9cf8e elementor-widget-divider--view-line elementor-widget elementor-widget-divider\" data-id=\"32e9cf8e\" data-element_type=\"widget\" data-widget_type=\"divider.default\">\n\t\t\t\t<div class=\"elementor-widget-container\">\n\t\t\t\t\t\t\t<div class=\"elementor-divider\">\n\t\t\t<span class=\"elementor-divider-separator\">\n\t\t\t\t\t\t<\/span>\n\t\t<\/div>\n\t\t\t\t\t\t<\/div>\n\t\t\t\t<\/div>\n\t\t\t\t<div class=\"elementor-element elementor-element-553c31bf elementor-widget elementor-widget-text-editor\" data-id=\"553c31bf\" data-element_type=\"widget\" data-widget_type=\"text-editor.default\">\n\t\t\t\t<div class=\"elementor-widget-container\">\n\t\t\t\t\t\t\t\t\t<p>Zam\u00f3w catering na imprezy rodzinne, firmowe lub inne specjalne okazje<\/p>\t\t\t\t\t\t\t\t<\/div>\n\t\t\t\t<\/div>\n\t\t\t\t<\/div>\n\t\t\t\t\t<\/div>\n\t\t\t\t<\/div>\n\t\t<div class=\"elementor-element elementor-element-5ecd82b7 e-flex e-con-boxed e-con e-parent\" data-id=\"5ecd82b7\" data-element_type=\"container\" data-settings=\"{&quot;background_background&quot;:&quot;classic&quot;}\">\n\t\t\t\t\t<div class=\"e-con-inner\">\n\t\t<div class=\"elementor-element elementor-element-686bd503 e-con-full e-flex e-con e-child\" data-id=\"686bd503\" data-element_type=\"container\">\n\t\t\t\t<div class=\"elementor-element elementor-element-a377b3f elementor-widget elementor-widget-heading\" data-id=\"a377b3f\" data-element_type=\"widget\" data-widget_type=\"heading.default\">\n\t\t\t\t<div class=\"elementor-widget-container\">\n\t\t\t\t\t<h2 class=\"elementor-heading-title elementor-size-default\">Odkryj smak perfekcyjnego sushi na swoim wydarzeniu<\/h2>\t\t\t\t<\/div>\n\t\t\t\t<\/div>\n\t\t\t\t<div class=\"elementor-element elementor-element-61576a62 elementor-widget-divider--view-line elementor-widget elementor-widget-divider\" data-id=\"61576a62\" data-element_type=\"widget\" data-widget_type=\"divider.default\">\n\t\t\t\t<div class=\"elementor-widget-container\">\n\t\t\t\t\t\t\t<div class=\"elementor-divider\">\n\t\t\t<span class=\"elementor-divider-separator\">\n\t\t\t\t\t\t<\/span>\n\t\t<\/div>\n\t\t\t\t\t\t<\/div>\n\t\t\t\t<\/div>\n\t\t\t\t<div class=\"elementor-element elementor-element-598a4839 elementor-widget elementor-widget-text-editor\" data-id=\"598a4839\" data-element_type=\"widget\" data-widget_type=\"text-editor.default\">\n\t\t\t\t<div class=\"elementor-widget-container\">\n\t\t\t\t\t\t\t\t\t<div class=\"styles_FooterText__hQtDd\"><div class=\"styles_FooterText__hQtDd\"><p>Planujesz spotkanie biznesowe, urodziny, wesele czy kameralne przyj\u0119cie w gronie przyjaci\u00f3\u0142? Restauracja sushi Nabo Gato zadba o to, by ka\u017cda chwila by\u0142a wyj\u0105tkowa dzi\u0119ki wy\u015bmienitym daniom, kt\u00f3re zachwyc\u0105 Twoich go\u015bci. Nasz catering to nie tylko jedzenie \u2013 to prawdziwa podr\u00f3\u017c kulinarna pe\u0142na \u015bwie\u017cych sk\u0142adnik\u00f3w, oryginalnych kompozycji smakowych i perfekcyjnej prezentacji.<\/p><h3><span style=\"text-decoration: underline;\"><strong>Profesjonalizm i elastyczno\u015b\u0107 \u2013 dopasujemy si\u0119 do Twoich potrzeb<\/strong><\/span><\/h3><p>W Nabo Gato rozumiemy, \u017ce ka\u017cde wydarzenie jest inne. Dlatego nasza oferta cateringowa jest w pe\u0142ni dopasowana do Twoich potrzeb i oczekiwa\u0144. Czy chodzi o pe\u0142ne menu z\u0142o\u017cone z r\u00f3\u017cnorodnych zestaw\u00f3w sushi, czy o subtelne przek\u0105ski w stylu finger food \u2013 zapewniamy jako\u015b\u0107, kt\u00f3ra robi wra\u017cenie. Dzia\u0142amy na terenie ca\u0142ego Tr\u00f3jmiasta, dostarczaj\u0105c kulinarn\u0105 doskona\u0142o\u015b\u0107 prosto na Tw\u00f3j st\u00f3\u0142.<\/p><\/div><\/div>\t\t\t\t\t\t\t\t<\/div>\n\t\t\t\t<\/div>\n\t\t\t\t<\/div>\n\t\t<div class=\"elementor-element elementor-element-e544b49 e-con-full e-flex e-con e-child\" data-id=\"e544b49\" data-element_type=\"container\" data-settings=\"{&quot;background_background&quot;:&quot;classic&quot;}\">\n\t\t\t\t<div class=\"elementor-element elementor-element-5d1fc6d elementor-widget elementor-widget-image\" data-id=\"5d1fc6d\" data-element_type=\"widget\" data-widget_type=\"image.default\">\n\t\t\t\t<div class=\"elementor-widget-container\">\n\t\t\t\t\t\t\t\t\t\t\t\t\t\t\t<img decoding=\"async\" width=\"2560\" height=\"1920\" src=\"https:\/\/nabo-gato.pl\/wp-content\/uploads\/2025\/01\/catering-1-scaled.jpg\" class=\"attachment-full size-full wp-image-131\" alt=\"\" srcset=\"https:\/\/nabo-gato.pl\/wp-content\/uploads\/2025\/01\/catering-1-scaled.jpg 2560w, https:\/\/nabo-gato.pl\/wp-content\/uploads\/2025\/01\/catering-1-300x225.jpg 300w, https:\/\/nabo-gato.pl\/wp-content\/uploads\/2025\/01\/catering-1-1024x768.jpg 1024w, https:\/\/nabo-gato.pl\/wp-content\/uploads\/2025\/01\/catering-1-768x576.jpg 768w, https:\/\/nabo-gato.pl\/wp-content\/uploads\/2025\/01\/catering-1-1536x1152.jpg 1536w, https:\/\/nabo-gato.pl\/wp-content\/uploads\/2025\/01\/catering-1-2048x1536.jpg 2048w\" sizes=\"(max-width: 2560px) 100vw, 2560px\" \/>\t\t\t\t\t\t\t\t\t\t\t\t\t\t\t<\/div>\n\t\t\t\t<\/div>\n\t\t\t\t<\/div>\n\t\t\t\t\t<\/div>\n\t\t\t\t<\/div>\n\t\t<div class=\"elementor-element elementor-element-823a5d1 e-flex e-con-boxed e-con e-parent\" data-id=\"823a5d1\" data-element_type=\"container\" data-settings=\"{&quot;background_background&quot;:&quot;classic&quot;}\">\n\t\t\t\t\t<div class=\"e-con-inner\">\n\t\t<div class=\"elementor-element elementor-element-53754d67 e-con-full e-flex e-con e-child\" data-id=\"53754d67\" data-element_type=\"container\">\n\t\t\t\t<div class=\"elementor-element elementor-element-60749079 elementor-widget elementor-widget-heading\" data-id=\"60749079\" data-element_type=\"widget\" data-widget_type=\"heading.default\">\n\t\t\t\t<div class=\"elementor-widget-container\">\n\t\t\t\t\t<h2 class=\"elementor-heading-title elementor-size-default\">Skontaktuj si\u0119 z nami <br>w sprawie twojego wydarzenia!<\/h2>\t\t\t\t<\/div>\n\t\t\t\t<\/div>\n\t\t\t\t<\/div>\n\t\t<div class=\"elementor-element elementor-element-364a366b e-con-full e-flex e-con e-child\" data-id=\"364a366b\" data-element_type=\"container\" data-settings=\"{&quot;background_background&quot;:&quot;classic&quot;}\">\n\t\t<div class=\"elementor-element elementor-element-9b7d790 e-con-full e-flex e-con e-child\" data-id=\"9b7d790\" data-element_type=\"container\">\n\t\t\t\t<div class=\"elementor-element elementor-element-8fb1c23 elementor-widget elementor-widget-text-editor\" data-id=\"8fb1c23\" data-element_type=\"widget\" data-widget_type=\"text-editor.default\">\n\t\t\t\t<div class=\"elementor-widget-container\">\n\t\t\t\t\t\t\t\t\t<p><strong>Lokal w Gda\u0144sku:<\/strong><\/p><p>tel.\u00a0<a href=\"tel:58 380 00 85\">+48 58 380 00 85<\/a><\/p>\t\t\t\t\t\t\t\t<\/div>\n\t\t\t\t<\/div>\n\t\t\t\t<\/div>\n\t\t<div class=\"elementor-element elementor-element-47d22d6 e-con-full e-flex e-con e-child\" data-id=\"47d22d6\" data-element_type=\"container\">\n\t\t\t\t<div class=\"elementor-element elementor-element-79944f6 elementor-widget elementor-widget-text-editor\" data-id=\"79944f6\" data-element_type=\"widget\" data-widget_type=\"text-editor.default\">\n\t\t\t\t<div class=\"elementor-widget-container\">\n\t\t\t\t\t\t\t\t\t<p><strong>Lokal w Gdyni:<\/strong><\/p><p>tel. <a href=\"tel:58 380 09 09\">+48 58 380 09 09<\/a><\/p>\t\t\t\t\t\t\t\t<\/div>\n\t\t\t\t<\/div>\n\t\t\t\t<\/div>\n\t\t\t\t<\/div>\n\t\t\t\t\t<\/div>\n\t\t\t\t<\/div>\n\t\t\t\t<\/div>\n\t\t","protected":false},"excerpt":{"rendered":"<p>Nasze Sushi zamieni ka\u017cd\u0105 imprez\u0119 w wyj\u0105tkow\u0105 uczt\u0119! Zam\u00f3w catering na imprezy rodzinne, firmowe lub inne specjalne okazje Odkryj smak perfekcyjnego sushi na swoim wydarzeniu Planujesz spotkanie biznesowe, urodziny, wesele czy kameralne przyj\u0119cie w gronie przyjaci\u00f3\u0142? Restauracja sushi Nabo Gato zadba o to, by ka\u017cda chwila by\u0142a wyj\u0105tkowa dzi\u0119ki wy\u015bmienitym daniom, kt\u00f3re zachwyc\u0105 Twoich go\u015bci. [&hellip;]<\/p>\n","protected":false},"author":1,"featured_media":0,"parent":0,"menu_order":0,"comment_status":"closed","ping_status":"closed","template":"elementor_canvas","meta":{"footnotes":""},"class_list":["post-100","page","type-page","status-publish","hentry"],"_links":{"self":[{"href":"https:\/\/nabo-gato.pl\/index.php\/wp-json\/wp\/v2\/pages\/100","targetHints":{"allow":["GET"]}}],"collection":[{"href":"https:\/\/nabo-gato.pl\/index.php\/wp-json\/wp\/v2\/pages"}],"about":[{"href":"https:\/\/nabo-gato.pl\/index.php\/wp-json\/wp\/v2\/types\/page"}],"author":[{"embeddable":true,"href":"https:\/\/nabo-gato.pl\/index.php\/wp-json\/wp\/v2\/users\/1"}],"replies":[{"embeddable":true,"href":"https:\/\/nabo-gato.pl\/index.php\/wp-json\/wp\/v2\/comments?post=100"}],"version-history":[{"count":19,"href":"https:\/\/nabo-gato.pl\/index.php\/wp-json\/wp\/v2\/pages\/100\/revisions"}],"predecessor-version":[{"id":187,"href":"https:\/\/nabo-gato.pl\/index.php\/wp-json\/wp\/v2\/pages\/100\/revisions\/187"}],"wp:attachment":[{"href":"https:\/\/nabo-gato.pl\/index.php\/wp-json\/wp\/v2\/media?parent=100"}],"curies":[{"name":"wp","href":"https:\/\/api.w.org\/{rel}","templated":true}]}}