{"id":155,"date":"2025-01-21T18:54:06","date_gmt":"2025-01-21T18:54:06","guid":{"rendered":"https:\/\/nabo-gato.pl\/?page_id=155"},"modified":"2025-01-21T20:34:28","modified_gmt":"2025-01-21T20:34:28","slug":"torty-sushi","status":"publish","type":"page","link":"https:\/\/nabo-gato.pl\/index.php\/torty-sushi\/","title":{"rendered":"Torty Sushi"},"content":{"rendered":"\t\t<div data-elementor-type=\"wp-page\" data-elementor-id=\"155\" class=\"elementor elementor-155\">\n\t\t\t\t<div class=\"elementor-element elementor-element-3ea0c78d e-flex e-con-boxed e-con e-parent\" data-id=\"3ea0c78d\" data-element_type=\"container\" data-settings=\"{&quot;background_background&quot;:&quot;classic&quot;}\">\n\t\t\t\t\t<div class=\"e-con-inner\">\n\t\t<div class=\"elementor-element elementor-element-2faddfe7 e-con-full e-flex e-con e-child\" data-id=\"2faddfe7\" data-element_type=\"container\">\n\t\t\t\t<div class=\"elementor-element elementor-element-223b4341 elementor-widget elementor-widget-image\" data-id=\"223b4341\" data-element_type=\"widget\" data-widget_type=\"image.default\">\n\t\t\t\t<div class=\"elementor-widget-container\">\n\t\t\t\t\t\t\t\t\t\t\t\t\t\t\t<img fetchpriority=\"high\" decoding=\"async\" width=\"750\" height=\"135\" src=\"https:\/\/nabo-gato.pl\/wp-content\/uploads\/2025\/01\/logo.png\" class=\"attachment-large size-large wp-image-106\" alt=\"\" srcset=\"https:\/\/nabo-gato.pl\/wp-content\/uploads\/2025\/01\/logo.png 750w, https:\/\/nabo-gato.pl\/wp-content\/uploads\/2025\/01\/logo-300x54.png 300w\" sizes=\"(max-width: 750px) 100vw, 750px\" \/>\t\t\t\t\t\t\t\t\t\t\t\t\t\t\t<\/div>\n\t\t\t\t<\/div>\n\t\t\t\t<\/div>\n\t\t<div class=\"elementor-element elementor-element-1d12f6c7 e-con-full e-flex e-con e-child\" data-id=\"1d12f6c7\" data-element_type=\"container\">\n\t\t\t\t<div class=\"elementor-element elementor-element-3e08340d elementor-nav-menu__align-right elementor-nav-menu--dropdown-tablet elementor-nav-menu__text-align-aside elementor-nav-menu--toggle elementor-nav-menu--burger elementor-widget elementor-widget-nav-menu\" data-id=\"3e08340d\" data-element_type=\"widget\" data-settings=\"{&quot;layout&quot;:&quot;horizontal&quot;,&quot;submenu_icon&quot;:{&quot;value&quot;:&quot;&lt;svg class=\\&quot;e-font-icon-svg e-fas-caret-down\\&quot; viewBox=\\&quot;0 0 320 512\\&quot; xmlns=\\&quot;http:\\\/\\\/www.w3.org\\\/2000\\\/svg\\&quot;&gt;&lt;path d=\\&quot;M31.3 192h257.3c17.8 0 26.7 21.5 14.1 34.1L174.1 354.8c-7.8 7.8-20.5 7.8-28.3 0L17.2 226.1C4.6 213.5 13.5 192 31.3 192z\\&quot;&gt;&lt;\\\/path&gt;&lt;\\\/svg&gt;&quot;,&quot;library&quot;:&quot;fa-solid&quot;},&quot;toggle&quot;:&quot;burger&quot;}\" data-widget_type=\"nav-menu.default\">\n\t\t\t\t<div class=\"elementor-widget-container\">\n\t\t\t\t\t\t\t\t<nav migration_allowed=\"1\" migrated=\"0\" role=\"navigation\" class=\"elementor-nav-menu--main elementor-nav-menu__container elementor-nav-menu--layout-horizontal e--pointer-underline e--animation-fade\">\n\t\t\t\t<ul id=\"menu-1-3e08340d\" class=\"elementor-nav-menu\"><li class=\"menu-item menu-item-type-post_type menu-item-object-page menu-item-home menu-item-118\"><a href=\"https:\/\/nabo-gato.pl\/\" class=\"elementor-item\">Zamawiaj Online<\/a><\/li>\n<li class=\"menu-item menu-item-type-post_type menu-item-object-page menu-item-139\"><a href=\"https:\/\/nabo-gato.pl\/index.php\/catering\/\" class=\"elementor-item\">Catering<\/a><\/li>\n<li class=\"menu-item menu-item-type-post_type menu-item-object-page menu-item-165\"><a href=\"https:\/\/nabo-gato.pl\/index.php\/torty-sushi\/\" class=\"elementor-item\">Torty Sushi<\/a><\/li>\n<\/ul>\t\t\t<\/nav>\n\t\t\t\t\t<div class=\"elementor-menu-toggle\" role=\"button\" tabindex=\"0\" aria-label=\"Menu Toggle\" aria-expanded=\"false\">\n\t\t\t<svg aria-hidden=\"true\" role=\"presentation\" class=\"elementor-menu-toggle__icon--open e-font-icon-svg e-eicon-menu-bar\" viewBox=\"0 0 1000 1000\" xmlns=\"http:\/\/www.w3.org\/2000\/svg\"><path d=\"M104 333H896C929 333 958 304 958 271S929 208 896 208H104C71 208 42 237 42 271S71 333 104 333ZM104 583H896C929 583 958 554 958 521S929 458 896 458H104C71 458 42 487 42 521S71 583 104 583ZM104 833H896C929 833 958 804 958 771S929 708 896 708H104C71 708 42 737 42 771S71 833 104 833Z\"><\/path><\/svg><svg aria-hidden=\"true\" role=\"presentation\" class=\"elementor-menu-toggle__icon--close e-font-icon-svg e-eicon-close\" viewBox=\"0 0 1000 1000\" xmlns=\"http:\/\/www.w3.org\/2000\/svg\"><path d=\"M742 167L500 408 258 167C246 154 233 150 217 150 196 150 179 158 167 167 154 179 150 196 150 212 150 229 154 242 171 254L408 500 167 742C138 771 138 800 167 829 196 858 225 858 254 829L496 587 738 829C750 842 767 846 783 846 800 846 817 842 829 829 842 817 846 804 846 783 846 767 842 750 829 737L588 500 833 258C863 229 863 200 833 171 804 137 775 137 742 167Z\"><\/path><\/svg>\t\t\t<span class=\"elementor-screen-only\">Menu<\/span>\n\t\t<\/div>\n\t\t\t<nav class=\"elementor-nav-menu--dropdown elementor-nav-menu__container\" role=\"navigation\" aria-hidden=\"true\">\n\t\t\t\t<ul id=\"menu-2-3e08340d\" class=\"elementor-nav-menu\"><li class=\"menu-item menu-item-type-post_type menu-item-object-page menu-item-home menu-item-118\"><a href=\"https:\/\/nabo-gato.pl\/\" class=\"elementor-item\" tabindex=\"-1\">Zamawiaj Online<\/a><\/li>\n<li class=\"menu-item menu-item-type-post_type menu-item-object-page menu-item-139\"><a href=\"https:\/\/nabo-gato.pl\/index.php\/catering\/\" class=\"elementor-item\" tabindex=\"-1\">Catering<\/a><\/li>\n<li class=\"menu-item menu-item-type-post_type menu-item-object-page menu-item-165\"><a href=\"https:\/\/nabo-gato.pl\/index.php\/torty-sushi\/\" class=\"elementor-item\" tabindex=\"-1\">Torty Sushi<\/a><\/li>\n<\/ul>\t\t\t<\/nav>\n\t\t\t\t\t\t<\/div>\n\t\t\t\t<\/div>\n\t\t\t\t<\/div>\n\t\t<div class=\"elementor-element elementor-element-412c7be0 e-con-full e-flex e-con e-child\" data-id=\"412c7be0\" data-element_type=\"container\">\n\t\t<div class=\"elementor-element elementor-element-56c16c0c e-con-full e-flex e-con e-child\" data-id=\"56c16c0c\" data-element_type=\"container\">\n\t\t\t\t<div class=\"elementor-element elementor-element-7e4af6e2 elementor-view-default elementor-widget elementor-widget-icon\" data-id=\"7e4af6e2\" data-element_type=\"widget\" data-widget_type=\"icon.default\">\n\t\t\t\t<div class=\"elementor-widget-container\">\n\t\t\t\t\t\t\t<div class=\"elementor-icon-wrapper\">\n\t\t\t<a class=\"elementor-icon\" href=\"https:\/\/pl-pl.facebook.com\/NabogatoSushi\/\">\n\t\t\t<svg aria-hidden=\"true\" class=\"e-font-icon-svg e-fab-facebook-square\" viewBox=\"0 0 448 512\" xmlns=\"http:\/\/www.w3.org\/2000\/svg\"><path d=\"M400 32H48A48 48 0 0 0 0 80v352a48 48 0 0 0 48 48h137.25V327.69h-63V256h63v-54.64c0-62.15 37-96.48 93.67-96.48 27.14 0 55.52 4.84 55.52 4.84v61h-31.27c-30.81 0-40.42 19.12-40.42 38.73V256h68.78l-11 71.69h-57.78V480H400a48 48 0 0 0 48-48V80a48 48 0 0 0-48-48z\"><\/path><\/svg>\t\t\t<\/a>\n\t\t<\/div>\n\t\t\t\t\t\t<\/div>\n\t\t\t\t<\/div>\n\t\t\t\t<\/div>\n\t\t<div class=\"elementor-element elementor-element-31d5a757 e-con-full e-flex e-con e-child\" data-id=\"31d5a757\" data-element_type=\"container\">\n\t\t\t\t<div class=\"elementor-element elementor-element-78849152 elementor-view-default elementor-widget elementor-widget-icon\" data-id=\"78849152\" data-element_type=\"widget\" data-widget_type=\"icon.default\">\n\t\t\t\t<div class=\"elementor-widget-container\">\n\t\t\t\t\t\t\t<div class=\"elementor-icon-wrapper\">\n\t\t\t<a class=\"elementor-icon\" href=\"https:\/\/www.instagram.com\/explore\/locations\/263081239\/nabogato-sushi\/\">\n\t\t\t<svg aria-hidden=\"true\" class=\"e-font-icon-svg e-fab-instagram\" viewBox=\"0 0 448 512\" xmlns=\"http:\/\/www.w3.org\/2000\/svg\"><path d=\"M224.1 141c-63.6 0-114.9 51.3-114.9 114.9s51.3 114.9 114.9 114.9S339 319.5 339 255.9 287.7 141 224.1 141zm0 189.6c-41.1 0-74.7-33.5-74.7-74.7s33.5-74.7 74.7-74.7 74.7 33.5 74.7 74.7-33.6 74.7-74.7 74.7zm146.4-194.3c0 14.9-12 26.8-26.8 26.8-14.9 0-26.8-12-26.8-26.8s12-26.8 26.8-26.8 26.8 12 26.8 26.8zm76.1 27.2c-1.7-35.9-9.9-67.7-36.2-93.9-26.2-26.2-58-34.4-93.9-36.2-37-2.1-147.9-2.1-184.9 0-35.8 1.7-67.6 9.9-93.9 36.1s-34.4 58-36.2 93.9c-2.1 37-2.1 147.9 0 184.9 1.7 35.9 9.9 67.7 36.2 93.9s58 34.4 93.9 36.2c37 2.1 147.9 2.1 184.9 0 35.9-1.7 67.7-9.9 93.9-36.2 26.2-26.2 34.4-58 36.2-93.9 2.1-37 2.1-147.8 0-184.8zM398.8 388c-7.8 19.6-22.9 34.7-42.6 42.6-29.5 11.7-99.5 9-132.1 9s-102.7 2.6-132.1-9c-19.6-7.8-34.7-22.9-42.6-42.6-11.7-29.5-9-99.5-9-132.1s-2.6-102.7 9-132.1c7.8-19.6 22.9-34.7 42.6-42.6 29.5-11.7 99.5-9 132.1-9s102.7-2.6 132.1 9c19.6 7.8 34.7 22.9 42.6 42.6 11.7 29.5 9 99.5 9 132.1s2.7 102.7-9 132.1z\"><\/path><\/svg>\t\t\t<\/a>\n\t\t<\/div>\n\t\t\t\t\t\t<\/div>\n\t\t\t\t<\/div>\n\t\t\t\t<\/div>\n\t\t\t\t<\/div>\n\t\t\t\t\t<\/div>\n\t\t\t\t<\/div>\n\t\t<div class=\"elementor-element elementor-element-18484d2f e-flex e-con-boxed e-con e-parent\" data-id=\"18484d2f\" data-element_type=\"container\" data-settings=\"{&quot;background_background&quot;:&quot;classic&quot;}\">\n\t\t\t\t\t<div class=\"e-con-inner\">\n\t\t<div class=\"elementor-element elementor-element-5181deac e-con-full e-flex e-con e-child\" data-id=\"5181deac\" data-element_type=\"container\">\n\t\t\t\t<div class=\"elementor-element elementor-element-3c4d7db7 elementor-widget elementor-widget-image\" data-id=\"3c4d7db7\" data-element_type=\"widget\" data-widget_type=\"image.default\">\n\t\t\t\t<div class=\"elementor-widget-container\">\n\t\t\t\t\t\t\t\t\t\t\t\t\t\t\t<img decoding=\"async\" width=\"1920\" height=\"2560\" src=\"https:\/\/nabo-gato.pl\/wp-content\/uploads\/2025\/01\/tort-2-scaled.jpg\" class=\"attachment-full size-full wp-image-158\" alt=\"\" srcset=\"https:\/\/nabo-gato.pl\/wp-content\/uploads\/2025\/01\/tort-2-scaled.jpg 1920w, https:\/\/nabo-gato.pl\/wp-content\/uploads\/2025\/01\/tort-2-225x300.jpg 225w, https:\/\/nabo-gato.pl\/wp-content\/uploads\/2025\/01\/tort-2-768x1024.jpg 768w, https:\/\/nabo-gato.pl\/wp-content\/uploads\/2025\/01\/tort-2-1152x1536.jpg 1152w, https:\/\/nabo-gato.pl\/wp-content\/uploads\/2025\/01\/tort-2-1536x2048.jpg 1536w\" sizes=\"(max-width: 1920px) 100vw, 1920px\" \/>\t\t\t\t\t\t\t\t\t\t\t\t\t\t\t<\/div>\n\t\t\t\t<\/div>\n\t\t\t\t<\/div>\n\t\t<div class=\"elementor-element elementor-element-797fae69 e-con-full e-flex e-con e-child\" data-id=\"797fae69\" data-element_type=\"container\">\n\t\t\t\t<div class=\"elementor-element elementor-element-2ac79820 elementor-widget elementor-widget-heading\" data-id=\"2ac79820\" data-element_type=\"widget\" data-widget_type=\"heading.default\">\n\t\t\t\t<div class=\"elementor-widget-container\">\n\t\t\t\t\t<h2 class=\"elementor-heading-title elementor-size-default\">Torty sushi \u2013 wyj\u0105tkowy pomys\u0142 dla najwi\u0119kszych mi\u0142o\u015bnik\u00f3w japo\u0144skich smak\u00f3w<\/h2>\t\t\t\t<\/div>\n\t\t\t\t<\/div>\n\t\t\t\t<div class=\"elementor-element elementor-element-665efa0f elementor-widget-divider--view-line elementor-widget elementor-widget-divider\" data-id=\"665efa0f\" data-element_type=\"widget\" data-widget_type=\"divider.default\">\n\t\t\t\t<div class=\"elementor-widget-container\">\n\t\t\t\t\t\t\t<div class=\"elementor-divider\">\n\t\t\t<span class=\"elementor-divider-separator\">\n\t\t\t\t\t\t<\/span>\n\t\t<\/div>\n\t\t\t\t\t\t<\/div>\n\t\t\t\t<\/div>\n\t\t\t\t<div class=\"elementor-element elementor-element-1a307c07 elementor-widget elementor-widget-text-editor\" data-id=\"1a307c07\" data-element_type=\"widget\" data-widget_type=\"text-editor.default\">\n\t\t\t\t<div class=\"elementor-widget-container\">\n\t\t\t\t\t\t\t\t\t<p>Je\u015bli tradycyjne torty to dla Ciebie za ma\u0142o, poznaj nasz\u0105 specjalno\u015b\u0107 \u2013 torty sushi! To spektakularna alternatywa, kt\u00f3ra \u0142\u0105czy wyj\u0105tkowy smak sushi z efektownym wygl\u0105dem.<\/p>\t\t\t\t\t\t\t\t<\/div>\n\t\t\t\t<\/div>\n\t\t\t\t<\/div>\n\t\t\t\t\t<\/div>\n\t\t\t\t<\/div>\n\t\t<div class=\"elementor-element elementor-element-5b830378 e-flex e-con-boxed e-con e-parent\" data-id=\"5b830378\" data-element_type=\"container\" data-settings=\"{&quot;background_background&quot;:&quot;classic&quot;}\">\n\t\t\t\t\t<div class=\"e-con-inner\">\n\t\t<div class=\"elementor-element elementor-element-57cac340 e-con-full e-flex e-con e-child\" data-id=\"57cac340\" data-element_type=\"container\">\n\t\t\t\t<div class=\"elementor-element elementor-element-5787bad0 elementor-widget elementor-widget-heading\" data-id=\"5787bad0\" data-element_type=\"widget\" data-widget_type=\"heading.default\">\n\t\t\t\t<div class=\"elementor-widget-container\">\n\t\t\t\t\t<h2 class=\"elementor-heading-title elementor-size-default\">Efekt wow gwarantowany!<\/h2>\t\t\t\t<\/div>\n\t\t\t\t<\/div>\n\t\t\t\t<div class=\"elementor-element elementor-element-19e7b7b2 elementor-widget-divider--view-line elementor-widget elementor-widget-divider\" data-id=\"19e7b7b2\" data-element_type=\"widget\" data-widget_type=\"divider.default\">\n\t\t\t\t<div class=\"elementor-widget-container\">\n\t\t\t\t\t\t\t<div class=\"elementor-divider\">\n\t\t\t<span class=\"elementor-divider-separator\">\n\t\t\t\t\t\t<\/span>\n\t\t<\/div>\n\t\t\t\t\t\t<\/div>\n\t\t\t\t<\/div>\n\t\t\t\t<div class=\"elementor-element elementor-element-35f9cd5a elementor-widget elementor-widget-text-editor\" data-id=\"35f9cd5a\" data-element_type=\"widget\" data-widget_type=\"text-editor.default\">\n\t\t\t\t<div class=\"elementor-widget-container\">\n\t\t\t\t\t\t\t\t\t<div class=\"styles_FooterText__hQtDd\"><div class=\"styles_FooterText__hQtDd\"><p>Nasze torty sushi to co\u015b wi\u0119cej ni\u017c jedzenie \u2013 to prawdziwa ozdoba ka\u017cdego sto\u0142u. Wielopoziomowe konstrukcje, starannie u\u0142o\u017cone kawa\u0142ki sushi i dodatki, takie jak \u015bwie\u017ce zio\u0142a, krewetki czy ikra, sprawiaj\u0105, \u017ce ka\u017cda kompozycja jest unikatowa. Go\u015bcie b\u0119d\u0105 zachwyceni zar\u00f3wno smakiem, jak i wygl\u0105dem tortu, kt\u00f3ry stanie si\u0119 centralnym punktem Twojego wydarzenia.<\/p><h3><strong>Idealny wyb\u00f3r na wyj\u0105tkowe chwile<\/strong><\/h3><p>Torty sushi to \u015bwietny spos\u00f3b, by uczyni\u0107 ka\u017cd\u0105 uroczysto\u015b\u0107 niezapomnian\u0105. Bez wzgl\u0119du na to, czy organizujesz kameraln\u0105 kolacj\u0119, czy du\u017ce przyj\u0119cie, tort sushi od &#8222;Nabo Gato&#8221; b\u0119dzie wyj\u0105tkowym dodatkiem. Zaskocz swoich bliskich lub wsp\u00f3\u0142pracownik\u00f3w czym\u015b, czego na pewno si\u0119 nie spodziewaj\u0105, i spraw, \u017ce wspomnienia z tego dnia pozostan\u0105 na d\u0142ugo w ich pami\u0119ci.<\/p><h3><strong>Skontaktuj si\u0119 z nami i zam\u00f3w sw\u00f3j tort sushi ju\u017c dzi\u015b!<\/strong><\/h3><p>Marzysz o niepowtarzalnym torcie sushi? Zadzwo\u0144 lub napisz do &#8222;Nabo Gato&#8221;, aby z\u0142o\u017cy\u0107 zam\u00f3wienie i ustali\u0107 szczeg\u00f3\u0142y. Dzia\u0142amy na terenie Gda\u0144ska, Gdyni i ca\u0142ego Tr\u00f3jmiasta, dostarczaj\u0105c nasze arcydzie\u0142a wprost na Tw\u00f3j st\u00f3\u0142. Tw\u00f3j idealny tort sushi jest na wyci\u0105gni\u0119cie r\u0119ki!<\/p><\/div><\/div>\t\t\t\t\t\t\t\t<\/div>\n\t\t\t\t<\/div>\n\t\t\t\t<\/div>\n\t\t<div class=\"elementor-element elementor-element-6f058b30 e-con-full e-flex e-con e-child\" data-id=\"6f058b30\" data-element_type=\"container\" data-settings=\"{&quot;background_background&quot;:&quot;classic&quot;}\">\n\t\t\t\t<div class=\"elementor-element elementor-element-56babf1c elementor-widget elementor-widget-image\" data-id=\"56babf1c\" data-element_type=\"widget\" data-widget_type=\"image.default\">\n\t\t\t\t<div class=\"elementor-widget-container\">\n\t\t\t\t\t\t\t\t\t\t\t\t\t\t\t<img decoding=\"async\" width=\"1920\" height=\"2560\" src=\"https:\/\/nabo-gato.pl\/wp-content\/uploads\/2025\/01\/tort-1-scaled.jpg\" class=\"attachment-full size-full wp-image-157\" alt=\"\" srcset=\"https:\/\/nabo-gato.pl\/wp-content\/uploads\/2025\/01\/tort-1-scaled.jpg 1920w, https:\/\/nabo-gato.pl\/wp-content\/uploads\/2025\/01\/tort-1-225x300.jpg 225w, https:\/\/nabo-gato.pl\/wp-content\/uploads\/2025\/01\/tort-1-768x1024.jpg 768w, https:\/\/nabo-gato.pl\/wp-content\/uploads\/2025\/01\/tort-1-1152x1536.jpg 1152w, https:\/\/nabo-gato.pl\/wp-content\/uploads\/2025\/01\/tort-1-1536x2048.jpg 1536w\" sizes=\"(max-width: 1920px) 100vw, 1920px\" \/>\t\t\t\t\t\t\t\t\t\t\t\t\t\t\t<\/div>\n\t\t\t\t<\/div>\n\t\t\t\t<\/div>\n\t\t\t\t\t<\/div>\n\t\t\t\t<\/div>\n\t\t<div class=\"elementor-element elementor-element-20322da8 e-flex e-con-boxed e-con e-parent\" data-id=\"20322da8\" data-element_type=\"container\" data-settings=\"{&quot;background_background&quot;:&quot;classic&quot;}\">\n\t\t\t\t\t<div class=\"e-con-inner\">\n\t\t<div class=\"elementor-element elementor-element-7d89ab8f e-con-full e-flex e-con e-child\" data-id=\"7d89ab8f\" data-element_type=\"container\">\n\t\t\t\t<div class=\"elementor-element elementor-element-7ca336ee elementor-widget elementor-widget-heading\" data-id=\"7ca336ee\" data-element_type=\"widget\" data-widget_type=\"heading.default\">\n\t\t\t\t<div class=\"elementor-widget-container\">\n\t\t\t\t\t<h2 class=\"elementor-heading-title elementor-size-default\">Skontaktuj si\u0119 z nami <br>w sprawie twojego wydarzenia!<\/h2>\t\t\t\t<\/div>\n\t\t\t\t<\/div>\n\t\t\t\t<\/div>\n\t\t<div class=\"elementor-element elementor-element-4c2fa288 e-con-full e-flex e-con e-child\" data-id=\"4c2fa288\" data-element_type=\"container\" data-settings=\"{&quot;background_background&quot;:&quot;classic&quot;}\">\n\t\t<div class=\"elementor-element elementor-element-417aa5bc e-con-full e-flex e-con e-child\" data-id=\"417aa5bc\" data-element_type=\"container\">\n\t\t\t\t<div class=\"elementor-element elementor-element-2f41d6d4 elementor-widget elementor-widget-text-editor\" data-id=\"2f41d6d4\" data-element_type=\"widget\" data-widget_type=\"text-editor.default\">\n\t\t\t\t<div class=\"elementor-widget-container\">\n\t\t\t\t\t\t\t\t\t<p><strong>Lokal w Gda\u0144sku:<\/strong><\/p><p>tel.\u00a0<a href=\"tel:58 380 00 85\">+48 58 380 00 85<\/a><\/p>\t\t\t\t\t\t\t\t<\/div>\n\t\t\t\t<\/div>\n\t\t\t\t<\/div>\n\t\t<div class=\"elementor-element elementor-element-63b2a4d3 e-con-full e-flex e-con e-child\" data-id=\"63b2a4d3\" data-element_type=\"container\">\n\t\t\t\t<div class=\"elementor-element elementor-element-7542a09 elementor-widget elementor-widget-text-editor\" data-id=\"7542a09\" data-element_type=\"widget\" data-widget_type=\"text-editor.default\">\n\t\t\t\t<div class=\"elementor-widget-container\">\n\t\t\t\t\t\t\t\t\t<p><strong>Lokal w Gdyni:<\/strong><\/p><p>tel. <a href=\"tel:58 380 09 09\">+48 58 380 09 09<\/a><\/p>\t\t\t\t\t\t\t\t<\/div>\n\t\t\t\t<\/div>\n\t\t\t\t<\/div>\n\t\t\t\t<\/div>\n\t\t\t\t\t<\/div>\n\t\t\t\t<\/div>\n\t\t\t\t<\/div>\n\t\t","protected":false},"excerpt":{"rendered":"<p>Torty sushi \u2013 wyj\u0105tkowy pomys\u0142 dla najwi\u0119kszych mi\u0142o\u015bnik\u00f3w japo\u0144skich smak\u00f3w Je\u015bli tradycyjne torty to dla Ciebie za ma\u0142o, poznaj nasz\u0105 specjalno\u015b\u0107 \u2013 torty sushi! To spektakularna alternatywa, kt\u00f3ra \u0142\u0105czy wyj\u0105tkowy smak sushi z efektownym wygl\u0105dem. Efekt wow gwarantowany! Nasze torty sushi to co\u015b wi\u0119cej ni\u017c jedzenie \u2013 to prawdziwa ozdoba ka\u017cdego sto\u0142u. Wielopoziomowe konstrukcje, starannie [&hellip;]<\/p>\n","protected":false},"author":1,"featured_media":0,"parent":0,"menu_order":0,"comment_status":"closed","ping_status":"closed","template":"elementor_canvas","meta":{"footnotes":""},"class_list":["post-155","page","type-page","status-publish","hentry"],"_links":{"self":[{"href":"https:\/\/nabo-gato.pl\/index.php\/wp-json\/wp\/v2\/pages\/155","targetHints":{"allow":["GET"]}}],"collection":[{"href":"https:\/\/nabo-gato.pl\/index.php\/wp-json\/wp\/v2\/pages"}],"about":[{"href":"https:\/\/nabo-gato.pl\/index.php\/wp-json\/wp\/v2\/types\/page"}],"author":[{"embeddable":true,"href":"https:\/\/nabo-gato.pl\/index.php\/wp-json\/wp\/v2\/users\/1"}],"replies":[{"embeddable":true,"href":"https:\/\/nabo-gato.pl\/index.php\/wp-json\/wp\/v2\/comments?post=155"}],"version-history":[{"count":7,"href":"https:\/\/nabo-gato.pl\/index.php\/wp-json\/wp\/v2\/pages\/155\/revisions"}],"predecessor-version":[{"id":190,"href":"https:\/\/nabo-gato.pl\/index.php\/wp-json\/wp\/v2\/pages\/155\/revisions\/190"}],"wp:attachment":[{"href":"https:\/\/nabo-gato.pl\/index.php\/wp-json\/wp\/v2\/media?parent=155"}],"curies":[{"name":"wp","href":"https:\/\/api.w.org\/{rel}","templated":true}]}}